{"id":110,"date":"2023-01-17T22:20:24","date_gmt":"2023-01-17T22:20:24","guid":{"rendered":"https:\/\/coffeepaper.co\/inicio\/?page_id=110"},"modified":"2023-01-19T22:51:20","modified_gmt":"2023-01-19T22:51:20","slug":"nuestras-politicas","status":"publish","type":"page","link":"https:\/\/coffeepaper.co\/inicio\/nuestras-politicas\/","title":{"rendered":"Nuestras Pol\u00edticas"},"content":{"rendered":"\t\t<div data-elementor-type=\"wp-page\" data-elementor-id=\"110\" class=\"elementor elementor-110\">\n\t\t\t\t\t\t<section class=\"elementor-section elementor-top-section elementor-element elementor-element-0c7395e elementor-section-boxed elementor-section-height-default elementor-section-height-default\" data-id=\"0c7395e\" data-element_type=\"section\" data-e-type=\"section\">\n\t\t\t\t\t\t<div class=\"elementor-container elementor-column-gap-default\">\n\t\t\t\t\t<div class=\"elementor-column elementor-col-100 elementor-top-column elementor-element elementor-element-c37f593\" data-id=\"c37f593\" data-element_type=\"column\" data-e-type=\"column\">\n\t\t\t<div class=\"elementor-widget-wrap elementor-element-populated\">\n\t\t\t\t\t\t<div class=\"elementor-element elementor-element-5e39c82 elementor-widget elementor-widget-spacer\" data-id=\"5e39c82\" data-element_type=\"widget\" data-e-type=\"widget\" data-widget_type=\"spacer.default\">\n\t\t\t\t<div class=\"elementor-widget-container\">\n\t\t\t\t\t\t\t<div class=\"elementor-spacer\">\n\t\t\t<div class=\"elementor-spacer-inner\"><\/div>\n\t\t<\/div>\n\t\t\t\t\t\t<\/div>\n\t\t\t\t<\/div>\n\t\t\t\t<div class=\"elementor-element elementor-element-212cd60 elementor-widget elementor-widget-woocommerce-breadcrumb\" data-id=\"212cd60\" data-element_type=\"widget\" data-e-type=\"widget\" data-widget_type=\"woocommerce-breadcrumb.default\">\n\t\t\t\t<div class=\"elementor-widget-container\">\n\t\t\t\t\t<nav class=\"woocommerce-breadcrumb\" aria-label=\"Breadcrumb\">Inicio<\/nav>\t\t\t\t<\/div>\n\t\t\t\t<\/div>\n\t\t\t\t<div class=\"elementor-element elementor-element-8d0c9c5 elementor-widget elementor-widget-heading\" data-id=\"8d0c9c5\" data-element_type=\"widget\" data-e-type=\"widget\" data-widget_type=\"heading.default\">\n\t\t\t\t<div class=\"elementor-widget-container\">\n\t\t\t\t\t<h1 class=\"elementor-heading-title elementor-size-default\">Nuestras pol\u00edticas<\/h1>\t\t\t\t<\/div>\n\t\t\t\t<\/div>\n\t\t\t\t\t<\/div>\n\t\t<\/div>\n\t\t\t\t\t<\/div>\n\t\t<\/section>\n\t\t\t\t<section class=\"elementor-section elementor-top-section elementor-element elementor-element-1723c43 elementor-section-boxed elementor-section-height-default elementor-section-height-default\" data-id=\"1723c43\" data-element_type=\"section\" data-e-type=\"section\">\n\t\t\t\t\t\t<div class=\"elementor-container elementor-column-gap-default\">\n\t\t\t\t\t<div class=\"elementor-column elementor-col-50 elementor-top-column elementor-element elementor-element-bbdbaea\" data-id=\"bbdbaea\" data-element_type=\"column\" data-e-type=\"column\">\n\t\t\t<div class=\"elementor-widget-wrap elementor-element-populated\">\n\t\t\t\t\t\t<div class=\"elementor-element elementor-element-0991e63 elementor-widget elementor-widget-image\" data-id=\"0991e63\" data-element_type=\"widget\" data-e-type=\"widget\" data-widget_type=\"image.default\">\n\t\t\t\t<div class=\"elementor-widget-container\">\n\t\t\t\t\t\t\t\t\t\t\t\t\t\t\t<img fetchpriority=\"high\" decoding=\"async\" width=\"833\" height=\"1024\" src=\"https:\/\/coffeepaper.co\/wp-content\/uploads\/2023\/01\/pexels-anna-nekrashevich-8534182-e1674168381939-833x1024.jpg\" class=\"attachment-large size-large wp-image-258\" alt=\"\" srcset=\"https:\/\/coffeepaper.co\/wp-content\/uploads\/2023\/01\/pexels-anna-nekrashevich-8534182-e1674168381939-833x1024.jpg 833w, https:\/\/coffeepaper.co\/wp-content\/uploads\/2023\/01\/pexels-anna-nekrashevich-8534182-e1674168381939-244x300.jpg 244w, https:\/\/coffeepaper.co\/wp-content\/uploads\/2023\/01\/pexels-anna-nekrashevich-8534182-e1674168381939-768x945.jpg 768w, https:\/\/coffeepaper.co\/wp-content\/uploads\/2023\/01\/pexels-anna-nekrashevich-8534182-e1674168381939-16x20.jpg 16w, https:\/\/coffeepaper.co\/wp-content\/uploads\/2023\/01\/pexels-anna-nekrashevich-8534182-e1674168381939-600x738.jpg 600w, https:\/\/coffeepaper.co\/wp-content\/uploads\/2023\/01\/pexels-anna-nekrashevich-8534182-e1674168381939.jpg 900w\" sizes=\"(max-width: 833px) 100vw, 833px\" \/>\t\t\t\t\t\t\t\t\t\t\t\t\t\t\t<\/div>\n\t\t\t\t<\/div>\n\t\t\t\t\t<\/div>\n\t\t<\/div>\n\t\t\t\t<div class=\"elementor-column elementor-col-50 elementor-top-column elementor-element elementor-element-cdcf6de\" data-id=\"cdcf6de\" data-element_type=\"column\" data-e-type=\"column\">\n\t\t\t<div class=\"elementor-widget-wrap elementor-element-populated\">\n\t\t\t\t\t\t<div class=\"elementor-element elementor-element-dba8736 elementor-widget elementor-widget-text-editor\" data-id=\"dba8736\" data-element_type=\"widget\" data-e-type=\"widget\" data-widget_type=\"text-editor.default\">\n\t\t\t\t<div class=\"elementor-widget-container\">\n\t\t\t\t\t\t\t\t\t<p>\u00a1Estamos muy felices de tenerte por aqu\u00ed! Por favor consulta nuestras pol\u00edticas para conocer m\u00e1s sobre c\u00f3mo<a href=\"http:\/\/www.coffeepaper.co\"> coffeepaper.co<\/a> utiliza algunos datos tuyos para personalizar su funci\u00f3n y ofrecerte un mejor servicio, as\u00ed como las pol\u00edticas de compra dentro del sitio. Si tienes alguna duda o comentario, no dudes en contactarnos por correo a hola@coffeepaper.co<\/p>\t\t\t\t\t\t\t\t<\/div>\n\t\t\t\t<\/div>\n\t\t\t\t<div class=\"elementor-element elementor-element-d4aa491 elementor-widget elementor-widget-text-editor\" data-id=\"d4aa491\" data-element_type=\"widget\" data-e-type=\"widget\" data-widget_type=\"text-editor.default\">\n\t\t\t\t<div class=\"elementor-widget-container\">\n\t\t\t\t\t\t\t\t\t<p><a href=\"https:\/\/coffeepaper.co\/inicio\/privacy-policy\/\">Pol\u00edticas de privacidad de coffeepaper.co<\/a><\/p><p><a href=\"https:\/\/coffeepaper.co\/inicio\/refund_returns\/\">Pol\u00edticas de compra en el sitio web<\/a><\/p>\t\t\t\t\t\t\t\t<\/div>\n\t\t\t\t<\/div>\n\t\t\t\t\t<\/div>\n\t\t<\/div>\n\t\t\t\t\t<\/div>\n\t\t<\/section>\n\t\t\t\t<\/div>\n\t\t","protected":false},"excerpt":{"rendered":"<p>Nuestras pol\u00edticas \u00a1Estamos muy felices de tenerte por aqu\u00ed! Por favor consulta nuestras pol\u00edticas para conocer m\u00e1s sobre c\u00f3mo coffeepaper.co utiliza algunos datos tuyos para personalizar su funci\u00f3n y ofrecerte un mejor servicio, as\u00ed como las pol\u00edticas de compra dentro del sitio. Si tienes alguna duda o comentario, no dudes en contactarnos por correo a &hellip;<\/p>\n<p class=\"read-more\"> <a class=\"\" href=\"https:\/\/coffeepaper.co\/inicio\/nuestras-politicas\/\"> <span class=\"screen-reader-text\">Nuestras Pol\u00edticas<\/span> Leer m\u00e1s &raquo;<\/a><\/p>\n","protected":false},"author":2,"featured_media":0,"parent":0,"menu_order":0,"comment_status":"closed","ping_status":"closed","template":"","meta":{"om_disable_all_campaigns":false,"_monsterinsights_skip_tracking":false,"_monsterinsights_sitenote_active":false,"_monsterinsights_sitenote_note":"","_monsterinsights_sitenote_category":0,"site-sidebar-layout":"no-sidebar","site-content-layout":"page-builder","ast-global-header-display":"","ast-main-header-display":"","ast-hfb-above-header-display":"","ast-hfb-below-header-display":"","ast-hfb-mobile-header-display":"","site-post-title":"disabled","ast-breadcrumbs-content":"","ast-featured-img":"disabled","footer-sml-layout":"","theme-transparent-header-meta":"","adv-header-id-meta":"","stick-header-meta":"","header-above-stick-meta":"","header-main-stick-meta":"","header-below-stick-meta":"","footnotes":""},"class_list":["post-110","page","type-page","status-publish","hentry"],"aioseo_notices":[],"_links":{"self":[{"href":"https:\/\/coffeepaper.co\/inicio\/wp-json\/wp\/v2\/pages\/110","targetHints":{"allow":["GET"]}}],"collection":[{"href":"https:\/\/coffeepaper.co\/inicio\/wp-json\/wp\/v2\/pages"}],"about":[{"href":"https:\/\/coffeepaper.co\/inicio\/wp-json\/wp\/v2\/types\/page"}],"author":[{"embeddable":true,"href":"https:\/\/coffeepaper.co\/inicio\/wp-json\/wp\/v2\/users\/2"}],"replies":[{"embeddable":true,"href":"https:\/\/coffeepaper.co\/inicio\/wp-json\/wp\/v2\/comments?post=110"}],"version-history":[{"count":34,"href":"https:\/\/coffeepaper.co\/inicio\/wp-json\/wp\/v2\/pages\/110\/revisions"}],"predecessor-version":[{"id":271,"href":"https:\/\/coffeepaper.co\/inicio\/wp-json\/wp\/v2\/pages\/110\/revisions\/271"}],"wp:attachment":[{"href":"https:\/\/coffeepaper.co\/inicio\/wp-json\/wp\/v2\/media?parent=110"}],"curies":[{"name":"wp","href":"https:\/\/api.w.org\/{rel}","templated":true}]}}