{"id":2,"date":"2023-01-03T17:44:36","date_gmt":"2023-01-03T17:44:36","guid":{"rendered":"http:\/\/coffeepaper.co\/?page_id=2"},"modified":"2023-05-24T16:01:20","modified_gmt":"2023-05-24T16:01:20","slug":"sample-page","status":"publish","type":"page","link":"https:\/\/coffeepaper.co\/inicio\/sample-page\/","title":{"rendered":"Sobre nosotros"},"content":{"rendered":"\t\t<div data-elementor-type=\"wp-page\" data-elementor-id=\"2\" class=\"elementor elementor-2\">\n\t\t\t\t\t\t<section class=\"elementor-section elementor-top-section elementor-element elementor-element-c2fb1f8 elementor-section-boxed elementor-section-height-default elementor-section-height-default\" data-id=\"c2fb1f8\" data-element_type=\"section\" data-e-type=\"section\">\n\t\t\t\t\t\t<div class=\"elementor-container elementor-column-gap-default\">\n\t\t\t\t\t<div class=\"elementor-column elementor-col-100 elementor-top-column elementor-element elementor-element-848a68c\" data-id=\"848a68c\" data-element_type=\"column\" data-e-type=\"column\">\n\t\t\t<div class=\"elementor-widget-wrap elementor-element-populated\">\n\t\t\t\t\t\t<div class=\"elementor-element elementor-element-fe65c51 elementor-widget elementor-widget-spacer\" data-id=\"fe65c51\" data-element_type=\"widget\" data-e-type=\"widget\" data-widget_type=\"spacer.default\">\n\t\t\t\t<div class=\"elementor-widget-container\">\n\t\t\t\t\t\t\t<div class=\"elementor-spacer\">\n\t\t\t<div class=\"elementor-spacer-inner\"><\/div>\n\t\t<\/div>\n\t\t\t\t\t\t<\/div>\n\t\t\t\t<\/div>\n\t\t\t\t<div class=\"elementor-element elementor-element-7d78261 elementor-widget elementor-widget-heading\" data-id=\"7d78261\" data-element_type=\"widget\" data-e-type=\"widget\" data-widget_type=\"heading.default\">\n\t\t\t\t<div class=\"elementor-widget-container\">\n\t\t\t\t\t<h2 class=\"elementor-heading-title elementor-size-default\">Sobre Coffee Paper<\/h2>\t\t\t\t<\/div>\n\t\t\t\t<\/div>\n\t\t\t\t\t<\/div>\n\t\t<\/div>\n\t\t\t\t\t<\/div>\n\t\t<\/section>\n\t\t\t\t<section class=\"elementor-section elementor-top-section elementor-element elementor-element-ba933dd elementor-section-boxed elementor-section-height-default elementor-section-height-default\" data-id=\"ba933dd\" data-element_type=\"section\" data-e-type=\"section\">\n\t\t\t\t\t\t<div class=\"elementor-container elementor-column-gap-default\">\n\t\t\t\t\t<div class=\"elementor-column elementor-col-33 elementor-top-column elementor-element elementor-element-ced1582\" data-id=\"ced1582\" data-element_type=\"column\" data-e-type=\"column\">\n\t\t\t<div class=\"elementor-widget-wrap elementor-element-populated\">\n\t\t\t\t\t\t<div class=\"elementor-element elementor-element-2f10243 elementor-widget elementor-widget-image\" data-id=\"2f10243\" data-element_type=\"widget\" data-e-type=\"widget\" data-widget_type=\"image.default\">\n\t\t\t\t<div class=\"elementor-widget-container\">\n\t\t\t\t\t\t\t\t\t\t\t\t\t\t\t<img fetchpriority=\"high\" decoding=\"async\" width=\"967\" height=\"1024\" src=\"https:\/\/coffeepaper.co\/wp-content\/uploads\/2023\/02\/IMG_0908_polarr-967x1024.jpeg\" class=\"attachment-large size-large wp-image-711\" alt=\"\" srcset=\"https:\/\/coffeepaper.co\/wp-content\/uploads\/2023\/02\/IMG_0908_polarr-967x1024.jpeg 967w, https:\/\/coffeepaper.co\/wp-content\/uploads\/2023\/02\/IMG_0908_polarr-283x300.jpeg 283w, https:\/\/coffeepaper.co\/wp-content\/uploads\/2023\/02\/IMG_0908_polarr-768x813.jpeg 768w, https:\/\/coffeepaper.co\/wp-content\/uploads\/2023\/02\/IMG_0908_polarr-1450x1536.jpeg 1450w, https:\/\/coffeepaper.co\/wp-content\/uploads\/2023\/02\/IMG_0908_polarr-1934x2048.jpeg 1934w, https:\/\/coffeepaper.co\/wp-content\/uploads\/2023\/02\/IMG_0908_polarr-600x635.jpeg 600w\" sizes=\"(max-width: 967px) 100vw, 967px\" \/>\t\t\t\t\t\t\t\t\t\t\t\t\t\t\t<\/div>\n\t\t\t\t<\/div>\n\t\t\t\t\t<\/div>\n\t\t<\/div>\n\t\t\t\t<div class=\"elementor-column elementor-col-33 elementor-top-column elementor-element elementor-element-ea73b98\" data-id=\"ea73b98\" data-element_type=\"column\" data-e-type=\"column\">\n\t\t\t<div class=\"elementor-widget-wrap elementor-element-populated\">\n\t\t\t\t\t\t<div class=\"elementor-element elementor-element-4295a0c elementor-widget elementor-widget-heading\" data-id=\"4295a0c\" data-element_type=\"widget\" data-e-type=\"widget\" data-widget_type=\"heading.default\">\n\t\t\t\t<div class=\"elementor-widget-container\">\n\t\t\t\t\t<h2 class=\"elementor-heading-title elementor-size-default\">\u00a1Ay qu\u00e9 alegr\u00eda tenerte por aqu\u00ed!<\/h2>\t\t\t\t<\/div>\n\t\t\t\t<\/div>\n\t\t\t\t<div class=\"elementor-element elementor-element-87c9f75 elementor-widget elementor-widget-text-editor\" data-id=\"87c9f75\" data-element_type=\"widget\" data-e-type=\"widget\" data-widget_type=\"text-editor.default\">\n\t\t\t\t<div class=\"elementor-widget-container\">\n\t\t\t\t\t\t\t\t\t<p>Hola, soy Melissa, la creadora de Coffee Paper.<\/p>\n<p>Esta marca de&nbsp; organizaci\u00f3n nace en diciembre de 2022, para acompa\u00f1arte a crear tu plan de vida digitalmente, y tiene un prop\u00f3sito muy importante: hacerte pasar de la planeaci\u00f3n a la acci\u00f3n.<\/p>\n<p>Ofrecemos todos los recursos y herramientas necesarias para que aprendas a organizar las \u00e1reas de tu vida m\u00e1s importantes (sin importar si eres un estudiante, emprendedora, ama o amo de casa o simplemente quieres un espacio para ti), hacer una buena planeaci\u00f3n y tener un d\u00eda mucho m\u00e1s productivo.<\/p>\t\t\t\t\t\t\t\t<\/div>\n\t\t\t\t<\/div>\n\t\t\t\t\t<\/div>\n\t\t<\/div>\n\t\t\t\t<div class=\"elementor-column elementor-col-33 elementor-top-column elementor-element elementor-element-9f3c6fd\" data-id=\"9f3c6fd\" data-element_type=\"column\" data-e-type=\"column\">\n\t\t\t<div class=\"elementor-widget-wrap\">\n\t\t\t\t\t\t\t<\/div>\n\t\t<\/div>\n\t\t\t\t\t<\/div>\n\t\t<\/section>\n\t\t\t\t<section class=\"elementor-section elementor-top-section elementor-element elementor-element-6cb8f47 elementor-section-boxed elementor-section-height-default elementor-section-height-default\" data-id=\"6cb8f47\" data-element_type=\"section\" data-e-type=\"section\">\n\t\t\t\t\t\t<div class=\"elementor-container elementor-column-gap-default\">\n\t\t\t\t\t<div class=\"elementor-column elementor-col-33 elementor-top-column elementor-element elementor-element-cea6af8\" data-id=\"cea6af8\" data-element_type=\"column\" data-e-type=\"column\">\n\t\t\t<div class=\"elementor-widget-wrap\">\n\t\t\t\t\t\t\t<\/div>\n\t\t<\/div>\n\t\t\t\t<div class=\"elementor-column elementor-col-33 elementor-top-column elementor-element elementor-element-a82dc68\" data-id=\"a82dc68\" data-element_type=\"column\" data-e-type=\"column\">\n\t\t\t<div class=\"elementor-widget-wrap elementor-element-populated\">\n\t\t\t\t\t\t<div class=\"elementor-element elementor-element-c4df5b0 elementor-widget elementor-widget-heading\" data-id=\"c4df5b0\" data-element_type=\"widget\" data-e-type=\"widget\" data-widget_type=\"heading.default\">\n\t\t\t\t<div class=\"elementor-widget-container\">\n\t\t\t\t\t<h2 class=\"elementor-heading-title elementor-size-default\">Lo m\u00e1s importante eres t\u00fa<\/h2>\t\t\t\t<\/div>\n\t\t\t\t<\/div>\n\t\t\t\t<div class=\"elementor-element elementor-element-d2562f6 elementor-widget elementor-widget-text-editor\" data-id=\"d2562f6\" data-element_type=\"widget\" data-e-type=\"widget\" data-widget_type=\"text-editor.default\">\n\t\t\t\t<div class=\"elementor-widget-container\">\n\t\t\t\t\t\t\t\t\t<p>Sabemos la importancia de iniciar tu d\u00eda de la mejor manera, de trabajar en nutrir tu mente, cuerpo y esp\u00edritu, y que hoy, en este momento, YA tienes todo para empezar a crear la vida de tus sue\u00f1os.<\/p><p>Fuera del dinero, la suerte y los privilegios, Coffee Paper te acompa\u00f1a a crear y mantener tu estabilidad y bienestar, y as\u00ed iniciar tu planeaci\u00f3n digital con toda la seguridad de que lo que te propones lo vas a cumplir.<\/p><p>Estamos muy felices de ser una herramienta y un medio en tu camino, y estamos seguros de que puedes iniciarlo HOY.<\/p>\t\t\t\t\t\t\t\t<\/div>\n\t\t\t\t<\/div>\n\t\t\t\t\t<\/div>\n\t\t<\/div>\n\t\t\t\t<div class=\"elementor-column elementor-col-33 elementor-top-column elementor-element elementor-element-8d33cd8\" data-id=\"8d33cd8\" data-element_type=\"column\" data-e-type=\"column\">\n\t\t\t<div class=\"elementor-widget-wrap elementor-element-populated\">\n\t\t\t\t\t\t<div class=\"elementor-element elementor-element-1ae1a2b elementor-widget elementor-widget-image\" data-id=\"1ae1a2b\" data-element_type=\"widget\" data-e-type=\"widget\" data-widget_type=\"image.default\">\n\t\t\t\t<div class=\"elementor-widget-container\">\n\t\t\t\t\t\t\t\t\t\t\t\t\t\t\t<img decoding=\"async\" width=\"901\" height=\"1024\" src=\"https:\/\/coffeepaper.co\/wp-content\/uploads\/2023\/01\/IMG-3634-901x1024.jpg\" class=\"attachment-large size-large wp-image-73\" alt=\"\" srcset=\"https:\/\/coffeepaper.co\/wp-content\/uploads\/2023\/01\/IMG-3634-901x1024.jpg 901w, https:\/\/coffeepaper.co\/wp-content\/uploads\/2023\/01\/IMG-3634-264x300.jpg 264w, https:\/\/coffeepaper.co\/wp-content\/uploads\/2023\/01\/IMG-3634-768x873.jpg 768w, https:\/\/coffeepaper.co\/wp-content\/uploads\/2023\/01\/IMG-3634-1351x1536.jpg 1351w, https:\/\/coffeepaper.co\/wp-content\/uploads\/2023\/01\/IMG-3634-1802x2048.jpg 1802w, https:\/\/coffeepaper.co\/wp-content\/uploads\/2023\/01\/IMG-3634-600x682.jpg 600w\" sizes=\"(max-width: 901px) 100vw, 901px\" \/>\t\t\t\t\t\t\t\t\t\t\t\t\t\t\t<\/div>\n\t\t\t\t<\/div>\n\t\t\t\t\t<\/div>\n\t\t<\/div>\n\t\t\t\t\t<\/div>\n\t\t<\/section>\n\t\t\t\t<section class=\"elementor-section elementor-top-section elementor-element elementor-element-c2de702 elementor-hidden-mobile elementor-section-boxed elementor-section-height-default elementor-section-height-default\" data-id=\"c2de702\" data-element_type=\"section\" data-e-type=\"section\">\n\t\t\t\t\t\t<div class=\"elementor-container elementor-column-gap-default\">\n\t\t\t\t\t<div class=\"elementor-column elementor-col-33 elementor-top-column elementor-element elementor-element-f41c05b\" data-id=\"f41c05b\" data-element_type=\"column\" data-e-type=\"column\">\n\t\t\t<div class=\"elementor-widget-wrap elementor-element-populated\">\n\t\t\t\t\t\t<div class=\"elementor-element elementor-element-e893ada elementor-widget elementor-widget-image\" data-id=\"e893ada\" data-element_type=\"widget\" data-e-type=\"widget\" data-widget_type=\"image.default\">\n\t\t\t\t<div class=\"elementor-widget-container\">\n\t\t\t\t\t\t\t\t\t\t\t\t\t\t\t<img decoding=\"async\" width=\"1024\" height=\"949\" src=\"https:\/\/coffeepaper.co\/wp-content\/uploads\/2023\/05\/pexels-vlada-karpovich-4050430-1024x949.jpg\" class=\"attachment-large size-large wp-image-1676\" alt=\"\" srcset=\"https:\/\/coffeepaper.co\/wp-content\/uploads\/2023\/05\/pexels-vlada-karpovich-4050430-1024x949.jpg 1024w, https:\/\/coffeepaper.co\/wp-content\/uploads\/2023\/05\/pexels-vlada-karpovich-4050430-300x278.jpg 300w, https:\/\/coffeepaper.co\/wp-content\/uploads\/2023\/05\/pexels-vlada-karpovich-4050430-768x712.jpg 768w, https:\/\/coffeepaper.co\/wp-content\/uploads\/2023\/05\/pexels-vlada-karpovich-4050430-600x556.jpg 600w, https:\/\/coffeepaper.co\/wp-content\/uploads\/2023\/05\/pexels-vlada-karpovich-4050430.jpg 1343w\" sizes=\"(max-width: 1024px) 100vw, 1024px\" \/>\t\t\t\t\t\t\t\t\t\t\t\t\t\t\t<\/div>\n\t\t\t\t<\/div>\n\t\t\t\t\t<\/div>\n\t\t<\/div>\n\t\t\t\t<div class=\"elementor-column elementor-col-33 elementor-top-column elementor-element elementor-element-d08ed38\" data-id=\"d08ed38\" data-element_type=\"column\" data-e-type=\"column\">\n\t\t\t<div class=\"elementor-widget-wrap elementor-element-populated\">\n\t\t\t\t\t\t<div class=\"elementor-element elementor-element-85efafc elementor-widget elementor-widget-heading\" data-id=\"85efafc\" data-element_type=\"widget\" data-e-type=\"widget\" data-widget_type=\"heading.default\">\n\t\t\t\t<div class=\"elementor-widget-container\">\n\t\t\t\t\t<h2 class=\"elementor-heading-title elementor-size-default\">Nuestra Misi\u00f3n<\/h2>\t\t\t\t<\/div>\n\t\t\t\t<\/div>\n\t\t\t\t<div class=\"elementor-element elementor-element-c948690 elementor-widget elementor-widget-text-editor\" data-id=\"c948690\" data-element_type=\"widget\" data-e-type=\"widget\" data-widget_type=\"text-editor.default\">\n\t\t\t\t<div class=\"elementor-widget-container\">\n\t\t\t\t\t\t\t\t\t<p>Convertirnos en tu acompa\u00f1ante diario de planeaci\u00f3n digital por medio de nuestros recursos y productos digitales, y formar una comunidad de todo tipo de personas que comparten el objetivo de mejorar su productividad y vivir el estado de bienestar que han so\u00f1ado por a\u00f1os, cre\u00e1ndolo activamente todos los d\u00edas.<\/p>\t\t\t\t\t\t\t\t<\/div>\n\t\t\t\t<\/div>\n\t\t\t\t\t<\/div>\n\t\t<\/div>\n\t\t\t\t<div class=\"elementor-column elementor-col-33 elementor-top-column elementor-element elementor-element-8a0475f\" data-id=\"8a0475f\" data-element_type=\"column\" data-e-type=\"column\">\n\t\t\t<div class=\"elementor-widget-wrap\">\n\t\t\t\t\t\t\t<\/div>\n\t\t<\/div>\n\t\t\t\t\t<\/div>\n\t\t<\/section>\n\t\t\t\t<section class=\"elementor-section elementor-top-section elementor-element elementor-element-d534112 elementor-hidden-desktop elementor-hidden-tablet elementor-section-boxed elementor-section-height-default elementor-section-height-default\" data-id=\"d534112\" data-element_type=\"section\" data-e-type=\"section\">\n\t\t\t\t\t\t<div class=\"elementor-container elementor-column-gap-default\">\n\t\t\t\t\t<div class=\"elementor-column elementor-col-50 elementor-top-column elementor-element elementor-element-1047cc9\" data-id=\"1047cc9\" data-element_type=\"column\" data-e-type=\"column\">\n\t\t\t<div class=\"elementor-widget-wrap elementor-element-populated\">\n\t\t\t\t\t\t<div class=\"elementor-element elementor-element-afceaa0 elementor-widget elementor-widget-heading\" data-id=\"afceaa0\" data-element_type=\"widget\" data-e-type=\"widget\" data-widget_type=\"heading.default\">\n\t\t\t\t<div class=\"elementor-widget-container\">\n\t\t\t\t\t<h2 class=\"elementor-heading-title elementor-size-default\">Nuestra Misi\u00f3n<\/h2>\t\t\t\t<\/div>\n\t\t\t\t<\/div>\n\t\t\t\t<div class=\"elementor-element elementor-element-cd5926e elementor-widget elementor-widget-text-editor\" data-id=\"cd5926e\" data-element_type=\"widget\" data-e-type=\"widget\" data-widget_type=\"text-editor.default\">\n\t\t\t\t<div class=\"elementor-widget-container\">\n\t\t\t\t\t\t\t\t\t<p>Convertirnos en tu acompa\u00f1ante diario de planeaci\u00f3n digital por medio de nuestros recursos y productos digitales, y formar una comunidad de todo tipo de personas que comparten el objetivo de mejorar su productividad y vivir el estado de bienestar que han so\u00f1ado por a\u00f1os, cre\u00e1ndolo activamente todos los d\u00edas.<\/p>\t\t\t\t\t\t\t\t<\/div>\n\t\t\t\t<\/div>\n\t\t\t\t\t<\/div>\n\t\t<\/div>\n\t\t\t\t<div class=\"elementor-column elementor-col-50 elementor-top-column elementor-element elementor-element-e7f984e\" data-id=\"e7f984e\" data-element_type=\"column\" data-e-type=\"column\">\n\t\t\t<div class=\"elementor-widget-wrap elementor-element-populated\">\n\t\t\t\t\t\t<div class=\"elementor-element elementor-element-b9322d1 elementor-widget elementor-widget-image\" data-id=\"b9322d1\" data-element_type=\"widget\" data-e-type=\"widget\" data-widget_type=\"image.default\">\n\t\t\t\t<div class=\"elementor-widget-container\">\n\t\t\t\t\t\t\t\t\t\t\t\t\t\t\t<img loading=\"lazy\" decoding=\"async\" width=\"401\" height=\"423\" src=\"https:\/\/coffeepaper.co\/wp-content\/uploads\/2023\/02\/pexels-marcus-aurelius-4063797-1.jpg\" class=\"attachment-large size-large wp-image-817\" alt=\"\" srcset=\"https:\/\/coffeepaper.co\/wp-content\/uploads\/2023\/02\/pexels-marcus-aurelius-4063797-1.jpg 401w, https:\/\/coffeepaper.co\/wp-content\/uploads\/2023\/02\/pexels-marcus-aurelius-4063797-1-284x300.jpg 284w, https:\/\/coffeepaper.co\/wp-content\/uploads\/2023\/02\/pexels-marcus-aurelius-4063797-1-20x20.jpg 20w\" sizes=\"(max-width: 401px) 100vw, 401px\" \/>\t\t\t\t\t\t\t\t\t\t\t\t\t\t\t<\/div>\n\t\t\t\t<\/div>\n\t\t\t\t\t<\/div>\n\t\t<\/div>\n\t\t\t\t\t<\/div>\n\t\t<\/section>\n\t\t\t\t<section class=\"elementor-section elementor-top-section elementor-element elementor-element-5d14882 elementor-section-boxed elementor-section-height-default elementor-section-height-default\" data-id=\"5d14882\" data-element_type=\"section\" data-e-type=\"section\">\n\t\t\t\t\t\t<div class=\"elementor-container elementor-column-gap-default\">\n\t\t\t\t\t<div class=\"elementor-column elementor-col-33 elementor-top-column elementor-element elementor-element-52e53ae\" data-id=\"52e53ae\" data-element_type=\"column\" data-e-type=\"column\">\n\t\t\t<div class=\"elementor-widget-wrap\">\n\t\t\t\t\t\t\t<\/div>\n\t\t<\/div>\n\t\t\t\t<div class=\"elementor-column elementor-col-33 elementor-top-column elementor-element elementor-element-e9bf719\" data-id=\"e9bf719\" data-element_type=\"column\" data-e-type=\"column\">\n\t\t\t<div class=\"elementor-widget-wrap elementor-element-populated\">\n\t\t\t\t\t\t<div class=\"elementor-element elementor-element-c62e84e elementor-widget elementor-widget-heading\" data-id=\"c62e84e\" data-element_type=\"widget\" data-e-type=\"widget\" data-widget_type=\"heading.default\">\n\t\t\t\t<div class=\"elementor-widget-container\">\n\t\t\t\t\t<h2 class=\"elementor-heading-title elementor-size-default\">Nuestra Visi\u00f3n<\/h2>\t\t\t\t<\/div>\n\t\t\t\t<\/div>\n\t\t\t\t<div class=\"elementor-element elementor-element-42e734d elementor-widget elementor-widget-text-editor\" data-id=\"42e734d\" data-element_type=\"widget\" data-e-type=\"widget\" data-widget_type=\"text-editor.default\">\n\t\t\t\t<div class=\"elementor-widget-container\">\n\t\t\t\t\t\t\t\t\t<p>Ser el mayor referente de planeaci\u00f3n digital en toda latinoam\u00e9rica y pa\u00edses hispanohablantes, con una comunidad activa y motivadora, que fomenta el bienestar y un estilo de armon\u00eda con el cuerpo, mente y esp\u00edritu.<\/p>\t\t\t\t\t\t\t\t<\/div>\n\t\t\t\t<\/div>\n\t\t\t\t\t<\/div>\n\t\t<\/div>\n\t\t\t\t<div class=\"elementor-column elementor-col-33 elementor-top-column elementor-element elementor-element-2e22775\" data-id=\"2e22775\" data-element_type=\"column\" data-e-type=\"column\">\n\t\t\t<div class=\"elementor-widget-wrap elementor-element-populated\">\n\t\t\t\t\t\t<div class=\"elementor-element elementor-element-f7d48e0 elementor-widget elementor-widget-image\" data-id=\"f7d48e0\" data-element_type=\"widget\" data-e-type=\"widget\" data-widget_type=\"image.default\">\n\t\t\t\t<div class=\"elementor-widget-container\">\n\t\t\t\t\t\t\t\t\t\t\t\t\t\t\t<img loading=\"lazy\" decoding=\"async\" width=\"413\" height=\"495\" src=\"https:\/\/coffeepaper.co\/wp-content\/uploads\/2023\/05\/desk.png\" class=\"attachment-large size-large wp-image-1677\" alt=\"\" srcset=\"https:\/\/coffeepaper.co\/wp-content\/uploads\/2023\/05\/desk.png 413w, https:\/\/coffeepaper.co\/wp-content\/uploads\/2023\/05\/desk-250x300.png 250w\" sizes=\"(max-width: 413px) 100vw, 413px\" \/>\t\t\t\t\t\t\t\t\t\t\t\t\t\t\t<\/div>\n\t\t\t\t<\/div>\n\t\t\t\t\t<\/div>\n\t\t<\/div>\n\t\t\t\t\t<\/div>\n\t\t<\/section>\n\t\t\t\t<\/div>\n\t\t","protected":false},"excerpt":{"rendered":"<p>Sobre Coffee Paper \u00a1Ay qu\u00e9 alegr\u00eda tenerte por aqu\u00ed! Hola, soy Melissa, la creadora de Coffee Paper. Esta marca de&nbsp; organizaci\u00f3n nace en diciembre de 2022, para acompa\u00f1arte a crear tu plan de vida digitalmente, y tiene un prop\u00f3sito muy importante: hacerte pasar de la planeaci\u00f3n a la acci\u00f3n. Ofrecemos todos los recursos y herramientas &hellip;<\/p>\n<p class=\"read-more\"> <a class=\"\" href=\"https:\/\/coffeepaper.co\/inicio\/sample-page\/\"> <span class=\"screen-reader-text\">Sobre nosotros<\/span> Leer m\u00e1s &raquo;<\/a><\/p>\n","protected":false},"author":2,"featured_media":0,"parent":0,"menu_order":0,"comment_status":"closed","ping_status":"closed","template":"elementor_header_footer","meta":{"om_disable_all_campaigns":false,"_monsterinsights_skip_tracking":false,"_monsterinsights_sitenote_active":false,"_monsterinsights_sitenote_note":"","_monsterinsights_sitenote_category":0,"site-sidebar-layout":"no-sidebar","site-content-layout":"page-builder","ast-global-header-display":"","ast-main-header-display":"","ast-hfb-above-header-display":"","ast-hfb-below-header-display":"","ast-hfb-mobile-header-display":"","site-post-title":"disabled","ast-breadcrumbs-content":"","ast-featured-img":"disabled","footer-sml-layout":"","theme-transparent-header-meta":"","adv-header-id-meta":"","stick-header-meta":"","header-above-stick-meta":"","header-main-stick-meta":"","header-below-stick-meta":"","footnotes":""},"class_list":["post-2","page","type-page","status-publish","hentry"],"aioseo_notices":[],"_links":{"self":[{"href":"https:\/\/coffeepaper.co\/inicio\/wp-json\/wp\/v2\/pages\/2","targetHints":{"allow":["GET"]}}],"collection":[{"href":"https:\/\/coffeepaper.co\/inicio\/wp-json\/wp\/v2\/pages"}],"about":[{"href":"https:\/\/coffeepaper.co\/inicio\/wp-json\/wp\/v2\/types\/page"}],"author":[{"embeddable":true,"href":"https:\/\/coffeepaper.co\/inicio\/wp-json\/wp\/v2\/users\/2"}],"replies":[{"embeddable":true,"href":"https:\/\/coffeepaper.co\/inicio\/wp-json\/wp\/v2\/comments?post=2"}],"version-history":[{"count":19,"href":"https:\/\/coffeepaper.co\/inicio\/wp-json\/wp\/v2\/pages\/2\/revisions"}],"predecessor-version":[{"id":1680,"href":"https:\/\/coffeepaper.co\/inicio\/wp-json\/wp\/v2\/pages\/2\/revisions\/1680"}],"wp:attachment":[{"href":"https:\/\/coffeepaper.co\/inicio\/wp-json\/wp\/v2\/media?parent=2"}],"curies":[{"name":"wp","href":"https:\/\/api.w.org\/{rel}","templated":true}]}}