{"id":3,"date":"2023-01-03T17:44:36","date_gmt":"2023-01-03T17:44:36","guid":{"rendered":"http:\/\/coffeepaper.co\/?page_id=3"},"modified":"2023-01-20T00:19:47","modified_gmt":"2023-01-20T00:19:47","slug":"privacy-policy","status":"publish","type":"page","link":"https:\/\/coffeepaper.co\/inicio\/privacy-policy\/","title":{"rendered":"Pol\u00edticas de privacidad"},"content":{"rendered":"\t\t<div data-elementor-type=\"wp-page\" data-elementor-id=\"3\" class=\"elementor elementor-3\">\n\t\t\t\t\t\t<section class=\"elementor-section elementor-top-section elementor-element elementor-element-e285bc1 elementor-section-boxed elementor-section-height-default elementor-section-height-default\" data-id=\"e285bc1\" data-element_type=\"section\" data-e-type=\"section\">\n\t\t\t\t\t\t<div class=\"elementor-container elementor-column-gap-default\">\n\t\t\t\t\t<div class=\"elementor-column elementor-col-100 elementor-top-column elementor-element elementor-element-7240486\" data-id=\"7240486\" data-element_type=\"column\" data-e-type=\"column\">\n\t\t\t<div class=\"elementor-widget-wrap elementor-element-populated\">\n\t\t\t\t\t\t<div class=\"elementor-element elementor-element-883090e elementor-widget elementor-widget-spacer\" data-id=\"883090e\" data-element_type=\"widget\" data-e-type=\"widget\" data-widget_type=\"spacer.default\">\n\t\t\t\t<div class=\"elementor-widget-container\">\n\t\t\t\t\t\t\t<div class=\"elementor-spacer\">\n\t\t\t<div class=\"elementor-spacer-inner\"><\/div>\n\t\t<\/div>\n\t\t\t\t\t\t<\/div>\n\t\t\t\t<\/div>\n\t\t\t\t\t<\/div>\n\t\t<\/div>\n\t\t\t\t\t<\/div>\n\t\t<\/section>\n\t\t\t\t<section class=\"elementor-section elementor-top-section elementor-element elementor-element-736bcd0 elementor-section-boxed elementor-section-height-default elementor-section-height-default\" data-id=\"736bcd0\" data-element_type=\"section\" data-e-type=\"section\">\n\t\t\t\t\t\t<div class=\"elementor-container elementor-column-gap-default\">\n\t\t\t\t\t<div class=\"elementor-column elementor-col-100 elementor-top-column elementor-element elementor-element-45859a9\" data-id=\"45859a9\" data-element_type=\"column\" data-e-type=\"column\">\n\t\t\t<div class=\"elementor-widget-wrap elementor-element-populated\">\n\t\t\t\t\t\t<div class=\"elementor-element elementor-element-6eba6f0 elementor-widget elementor-widget-heading\" data-id=\"6eba6f0\" data-element_type=\"widget\" data-e-type=\"widget\" data-widget_type=\"heading.default\">\n\t\t\t\t<div class=\"elementor-widget-container\">\n\t\t\t\t\t<h2 class=\"elementor-heading-title elementor-size-default\">Pol\u00edticas de privacidad<\/h2>\t\t\t\t<\/div>\n\t\t\t\t<\/div>\n\t\t\t\t\t<\/div>\n\t\t<\/div>\n\t\t\t\t\t<\/div>\n\t\t<\/section>\n\t\t\t\t<section class=\"elementor-section elementor-top-section elementor-element elementor-element-73de563 elementor-section-boxed elementor-section-height-default elementor-section-height-default\" data-id=\"73de563\" data-element_type=\"section\" data-e-type=\"section\">\n\t\t\t\t\t\t<div class=\"elementor-container elementor-column-gap-default\">\n\t\t\t\t\t<div class=\"elementor-column elementor-col-100 elementor-top-column elementor-element elementor-element-5004da9\" data-id=\"5004da9\" data-element_type=\"column\" data-e-type=\"column\">\n\t\t\t<div class=\"elementor-widget-wrap elementor-element-populated\">\n\t\t\t\t\t\t<div class=\"elementor-element elementor-element-ad7df91 elementor-widget elementor-widget-text-editor\" data-id=\"ad7df91\" data-element_type=\"widget\" data-e-type=\"widget\" data-widget_type=\"text-editor.default\">\n\t\t\t\t<div class=\"elementor-widget-container\">\n\t\t\t\t\t\t\t\t\t<p>Coffee Paper, bajo la raz\u00f3n social de nuestra creadora (persona f\u00edsica) MELISSA MAGDALENA MORALES MIRANDA , con domicilio en C Abeja No. 353, SM51 Costa del Sol, Canc\u00fan, Quintana Roo, M\u00e9xico y portal de internet <a href=\"http:\/\/coffeepaper.co\">coffeepaper.co<\/a>, es el responsable del uso y protecci\u00f3n de sus datos personales, y al respecto le informamos lo siguiente:<\/p>\t\t\t\t\t\t\t\t<\/div>\n\t\t\t\t<\/div>\n\t\t\t\t<div class=\"elementor-element elementor-element-86f82cf elementor-widget elementor-widget-heading\" data-id=\"86f82cf\" data-element_type=\"widget\" data-e-type=\"widget\" data-widget_type=\"heading.default\">\n\t\t\t\t<div class=\"elementor-widget-container\">\n\t\t\t\t\t<h2 class=\"elementor-heading-title elementor-size-default\">Uso de datos personales<\/h2>\t\t\t\t<\/div>\n\t\t\t\t<\/div>\n\t\t\t\t<div class=\"elementor-element elementor-element-b600714 elementor-widget elementor-widget-text-editor\" data-id=\"b600714\" data-element_type=\"widget\" data-e-type=\"widget\" data-widget_type=\"text-editor.default\">\n\t\t\t\t<div class=\"elementor-widget-container\">\n\t\t\t\t\t\t\t\t\t<p>Los datos personales que recabamos de usted, los utilizaremos para las finalidades que son necesarias para el servicio que solicita, como prestaci\u00f3n de cualquier servicio solicitado, compra, descarga y\/o env\u00edo de productos adquiridos en esta tienda en l\u00ednea.<\/p>\n<p>Para llevar a cabo las finalidades descritas en el presente aviso de privacidad, utilizaremos los siguientes datos personales:<\/p>\n<ul>\n<li>Datos de identificaci\u00f3n y contacto (Nombre, tel\u00e9fono, direcci\u00f3n f\u00edsica, correo electr\u00f3nico)<\/li>\n<li>Datos para el procesamiento de su compra (m\u00e9todos y datos de pago), estos \u00faltimos no se almacenan ni se guardan en nuestro sitio web posterior al procesamiento correcto de su compra.<\/li>\n<\/ul>\t\t\t\t\t\t\t\t<\/div>\n\t\t\t\t<\/div>\n\t\t\t\t<div class=\"elementor-element elementor-element-3c4d5a5 elementor-widget elementor-widget-heading\" data-id=\"3c4d5a5\" data-element_type=\"widget\" data-e-type=\"widget\" data-widget_type=\"heading.default\">\n\t\t\t\t<div class=\"elementor-widget-container\">\n\t\t\t\t\t<h2 class=\"elementor-heading-title elementor-size-default\">\u00bfCon qui\u00e9n compartimos su informaci\u00f3n personal y para qu\u00e9 fines?<\/h2>\t\t\t\t<\/div>\n\t\t\t\t<\/div>\n\t\t\t\t<div class=\"elementor-element elementor-element-72742a0 elementor-widget elementor-widget-text-editor\" data-id=\"72742a0\" data-element_type=\"widget\" data-e-type=\"widget\" data-widget_type=\"text-editor.default\">\n\t\t\t\t<div class=\"elementor-widget-container\">\n\t\t\t\t\t\t\t\t\t<p>coffeepaper.co utiliza plataformas de procesamiento de su compra y proceso de pago. Los datos personales recabados para el proceso de compra son compartidos con la plataforma Woocommerce. Los m\u00e9todos de pago disponibles son administrados por las plataformas Stripe y PayPal, con quienes se comparten los datos de pago.<\/p>\n<p>Los datos de su actividad en el sitio coffeepaper.co tambi\u00e9n pueden usarse para implementar Cookies y optimizar su experiencia en el sitio.<\/p>\t\t\t\t\t\t\t\t<\/div>\n\t\t\t\t<\/div>\n\t\t\t\t<div class=\"elementor-element elementor-element-3d67cd8 elementor-widget elementor-widget-heading\" data-id=\"3d67cd8\" data-element_type=\"widget\" data-e-type=\"widget\" data-widget_type=\"heading.default\">\n\t\t\t\t<div class=\"elementor-widget-container\">\n\t\t\t\t\t<h2 class=\"elementor-heading-title elementor-size-default\">\u00bfC\u00f3mo puede acceder, rectificar o cancelar sus datos personales, u oponerse a su uso o ejercer la revocaci\u00f3n de consentimiento?<\/h2>\t\t\t\t<\/div>\n\t\t\t\t<\/div>\n\t\t\t\t<div class=\"elementor-element elementor-element-c3cbc41 elementor-widget elementor-widget-text-editor\" data-id=\"c3cbc41\" data-element_type=\"widget\" data-e-type=\"widget\" data-widget_type=\"text-editor.default\">\n\t\t\t\t<div class=\"elementor-widget-container\">\n\t\t\t\t\t\t\t\t\t<p>Usted tiene derecho a conocer qu\u00e9 datos personales tenemos de usted, para qu\u00e9 los utilizamos y las condiciones del uso que les damos (Acceso). Asimismo, es su derecho solicitar la correcci\u00f3n de su informaci\u00f3n personal en caso de que est\u00e9 desactualizada, sea inexacta o incompleta (Rectificaci\u00f3n); que la eliminemos de nuestros registros o bases de datos cuando considere que la misma no est\u00e1 siendo utilizada adecuadamente (Cancelaci\u00f3n); as\u00ed como oponerse al uso de sus datos personales para fines espec\u00edficos (Oposici\u00f3n). Estos derechos se conocen como derechos ARCO.<\/p>\n<p>Para el ejercicio de cualquiera de los derechos ARCO, debe enviar una petici\u00f3n v\u00eda correo electr\u00f3nico a hola@coffeepaper.co y deber\u00e1 contener:<\/p>\n<ul>\n<li>Nombre completo del titular.<\/li>\n<li>Domicilio.<\/li>\n<li>Tel\u00e9fono.<\/li>\n<li>Correo electr\u00f3nico usado en este sitio web.<\/li>\n<li>Copia de una identificaci\u00f3n oficial adjunta.<\/li>\n<li>Asunto \u00abDerechos ARCO\u00bb<\/li>\n<\/ul>\n<p>Descripci\u00f3n el objeto del escrito, los cuales pueden ser de manera enunciativa m\u00e1s no limitativa los siguientes: Revocaci\u00f3n del consentimiento para tratar sus datos personales; y\/o Notificaci\u00f3n del uso indebido del tratamiento de sus datos personales; y\/o Ejercitar sus Derechos ARCO, con una descripci\u00f3n clara y precisa de los datos a Acceder, Rectificar, Cancelar o bien, Oponerse. En caso de Rectificaci\u00f3n de datos personales, deber\u00e1 indicar la modificaci\u00f3n exacta y anexar la documentaci\u00f3n soporte; es importante en caso de revocaci\u00f3n del consentimiento, que tenga en cuenta que no en todos los casos podremos atender su solicitud o concluir el uso de forma inmediata, ya que es posible que por alguna obligaci\u00f3n legal requiramos seguir tratando sus datos personales. Asimismo, usted deber\u00e1 considerar que para ciertos fines, la revocaci\u00f3n de su consentimiento implicar\u00e1 que no le podamos seguir prestando el servicio que nos solicit\u00f3, o la conclusi\u00f3n de su relaci\u00f3n con nosotros.<\/p>\n<p>La respuesta a su solicitud puede llegar a tomar hasta 5 d\u00edas h\u00e1biles, y se comunicar\u00e1 al mismo correo electr\u00f3nico de donde se env\u00eda la petici\u00f3n.<\/p>\t\t\t\t\t\t\t\t<\/div>\n\t\t\t\t<\/div>\n\t\t\t\t<div class=\"elementor-element elementor-element-36aa72a elementor-widget elementor-widget-heading\" data-id=\"36aa72a\" data-element_type=\"widget\" data-e-type=\"widget\" data-widget_type=\"heading.default\">\n\t\t\t\t<div class=\"elementor-widget-container\">\n\t\t\t\t\t<h2 class=\"elementor-heading-title elementor-size-default\">El uso de tecnolog\u00edas de rastreo en nuestro sitio web<\/h2>\t\t\t\t<\/div>\n\t\t\t\t<\/div>\n\t\t\t\t<div class=\"elementor-element elementor-element-22a0ea0 elementor-widget elementor-widget-text-editor\" data-id=\"22a0ea0\" data-element_type=\"widget\" data-e-type=\"widget\" data-widget_type=\"text-editor.default\">\n\t\t\t\t<div class=\"elementor-widget-container\">\n\t\t\t\t\t\t\t\t\t<p>Le informamos que en nuestra p\u00e1gina de internet utilizamos cookies, web beacons u otras tecnolog\u00edas, a trav\u00e9s de las cuales es posible monitorear su comportamiento como usuario de internet, as\u00ed como brindarle un mejor servicio y experiencia al navegar en nuestra p\u00e1gina. Los datos personales que obtenemos de estas tecnolog\u00edas de rastreo son los siguientes:<\/p>\n<ul>\n<li>Identificadores, nombre de usuario y contrase\u00f1as de sesi\u00f3n, Regi\u00f3n en la que se encuentra el usuario.<\/li>\n<li>P\u00e1ginas web visitadas por un usuario<\/li>\n<li>Tel\u00e9fono, correo electr\u00f3nico, m\u00e9todos de pago<\/li>\n<\/ul>\n<p>Estas cookies, web beacons y otras tecnolog\u00edas pueden ser deshabilitadas. Para conocer c\u00f3mo hacerlo, consulte el men\u00fa de ayuda de su navegador. Tenga en cuenta que, en caso de desactivar las cookies, es posible que no pueda acceder a ciertas funciones personalizadas en nuestros sitio web.<\/p>\t\t\t\t\t\t\t\t<\/div>\n\t\t\t\t<\/div>\n\t\t\t\t<div class=\"elementor-element elementor-element-a95b1fc elementor-widget elementor-widget-heading\" data-id=\"a95b1fc\" data-element_type=\"widget\" data-e-type=\"widget\" data-widget_type=\"heading.default\">\n\t\t\t\t<div class=\"elementor-widget-container\">\n\t\t\t\t\t<h2 class=\"elementor-heading-title elementor-size-default\">Cambios en este aviso de privacidad<\/h2>\t\t\t\t<\/div>\n\t\t\t\t<\/div>\n\t\t\t\t<div class=\"elementor-element elementor-element-79d6681 elementor-widget elementor-widget-text-editor\" data-id=\"79d6681\" data-element_type=\"widget\" data-e-type=\"widget\" data-widget_type=\"text-editor.default\">\n\t\t\t\t<div class=\"elementor-widget-container\">\n\t\t\t\t\t\t\t\t\t<p>El presente aviso de privacidad puede sufrir modificaciones, cambios o actualizaciones derivadas de nuevos requerimientos legales; de nuestras propias necesidades por los productos o servicios que ofrecemos; de nuestras pr\u00e1cticas de privacidad; de cambios en nuestro modelo de negocio, o por otras causas. Nos comprometemos a mantener actualizado este aviso de privacidad sobre los cambios que pueda sufrir y siempre podr\u00e1 consultar las actualizaciones que existan en el sitio web coffeepaper.co.<\/p>\n<p id=\"aviso-format\">\u00daltima actualizaci\u00f3n de este\u00a0aviso de privacidad: 19\/enero\/2023<\/p>\t\t\t\t\t\t\t\t<\/div>\n\t\t\t\t<\/div>\n\t\t\t\t\t<\/div>\n\t\t<\/div>\n\t\t\t\t\t<\/div>\n\t\t<\/section>\n\t\t\t\t<\/div>\n\t\t","protected":false},"excerpt":{"rendered":"<p>Pol\u00edticas de privacidad Coffee Paper, bajo la raz\u00f3n social de nuestra creadora (persona f\u00edsica) MELISSA MAGDALENA MORALES MIRANDA , con domicilio en C Abeja No. 353, SM51 Costa del Sol, Canc\u00fan, Quintana Roo, M\u00e9xico y portal de internet coffeepaper.co, es el responsable del uso y protecci\u00f3n de sus datos personales, y al respecto le informamos &hellip;<\/p>\n<p class=\"read-more\"> <a class=\"\" href=\"https:\/\/coffeepaper.co\/inicio\/privacy-policy\/\"> <span class=\"screen-reader-text\">Pol\u00edticas de privacidad<\/span> Leer m\u00e1s &raquo;<\/a><\/p>\n","protected":false},"author":2,"featured_media":0,"parent":0,"menu_order":0,"comment_status":"closed","ping_status":"closed","template":"elementor_header_footer","meta":{"om_disable_all_campaigns":false,"_monsterinsights_skip_tracking":false,"_monsterinsights_sitenote_active":false,"_monsterinsights_sitenote_note":"","_monsterinsights_sitenote_category":0,"site-sidebar-layout":"default","site-content-layout":"default","ast-global-header-display":"","ast-main-header-display":"","ast-hfb-above-header-display":"","ast-hfb-below-header-display":"","ast-hfb-mobile-header-display":"","site-post-title":"disabled","ast-breadcrumbs-content":"","ast-featured-img":"","footer-sml-layout":"","theme-transparent-header-meta":"","adv-header-id-meta":"","stick-header-meta":"","header-above-stick-meta":"","header-main-stick-meta":"","header-below-stick-meta":"","footnotes":""},"class_list":["post-3","page","type-page","status-publish","hentry"],"aioseo_notices":[],"_links":{"self":[{"href":"https:\/\/coffeepaper.co\/inicio\/wp-json\/wp\/v2\/pages\/3","targetHints":{"allow":["GET"]}}],"collection":[{"href":"https:\/\/coffeepaper.co\/inicio\/wp-json\/wp\/v2\/pages"}],"about":[{"href":"https:\/\/coffeepaper.co\/inicio\/wp-json\/wp\/v2\/types\/page"}],"author":[{"embeddable":true,"href":"https:\/\/coffeepaper.co\/inicio\/wp-json\/wp\/v2\/users\/2"}],"replies":[{"embeddable":true,"href":"https:\/\/coffeepaper.co\/inicio\/wp-json\/wp\/v2\/comments?post=3"}],"version-history":[{"count":11,"href":"https:\/\/coffeepaper.co\/inicio\/wp-json\/wp\/v2\/pages\/3\/revisions"}],"predecessor-version":[{"id":296,"href":"https:\/\/coffeepaper.co\/inicio\/wp-json\/wp\/v2\/pages\/3\/revisions\/296"}],"wp:attachment":[{"href":"https:\/\/coffeepaper.co\/inicio\/wp-json\/wp\/v2\/media?parent=3"}],"curies":[{"name":"wp","href":"https:\/\/api.w.org\/{rel}","templated":true}]}}