{"id":9,"date":"2023-01-03T17:44:54","date_gmt":"2023-01-03T17:44:54","guid":{"rendered":"http:\/\/coffeepaper.co\/?page_id=9"},"modified":"2024-10-04T01:06:02","modified_gmt":"2024-10-04T01:06:02","slug":"refund_returns","status":"publish","type":"page","link":"https:\/\/coffeepaper.co\/inicio\/refund_returns\/","title":{"rendered":"Pol\u00edticas de compra en el sitio web"},"content":{"rendered":"\t\t<div data-elementor-type=\"wp-page\" data-elementor-id=\"9\" class=\"elementor elementor-9\">\n\t\t\t\t\t\t<section class=\"elementor-section elementor-top-section elementor-element elementor-element-dfe0ee0 elementor-section-boxed elementor-section-height-default elementor-section-height-default\" data-id=\"dfe0ee0\" data-element_type=\"section\" data-e-type=\"section\">\n\t\t\t\t\t\t<div class=\"elementor-container elementor-column-gap-default\">\n\t\t\t\t\t<div class=\"elementor-column elementor-col-100 elementor-top-column elementor-element elementor-element-7663554\" data-id=\"7663554\" data-element_type=\"column\" data-e-type=\"column\">\n\t\t\t<div class=\"elementor-widget-wrap elementor-element-populated\">\n\t\t\t\t\t\t<div class=\"elementor-element elementor-element-7d6fbae elementor-widget elementor-widget-spacer\" data-id=\"7d6fbae\" data-element_type=\"widget\" data-e-type=\"widget\" data-widget_type=\"spacer.default\">\n\t\t\t\t<div class=\"elementor-widget-container\">\n\t\t\t\t\t\t\t<div class=\"elementor-spacer\">\n\t\t\t<div class=\"elementor-spacer-inner\"><\/div>\n\t\t<\/div>\n\t\t\t\t\t\t<\/div>\n\t\t\t\t<\/div>\n\t\t\t\t<div class=\"elementor-element elementor-element-6275e59 elementor-widget elementor-widget-heading\" data-id=\"6275e59\" data-element_type=\"widget\" data-e-type=\"widget\" data-widget_type=\"heading.default\">\n\t\t\t\t<div class=\"elementor-widget-container\">\n\t\t\t\t\t<h2 class=\"elementor-heading-title elementor-size-default\">Pol\u00edticas de compra en coffeepaper.co<\/h2>\t\t\t\t<\/div>\n\t\t\t\t<\/div>\n\t\t\t\t<div class=\"elementor-element elementor-element-dc13964 elementor-widget elementor-widget-spacer\" data-id=\"dc13964\" data-element_type=\"widget\" data-e-type=\"widget\" data-widget_type=\"spacer.default\">\n\t\t\t\t<div class=\"elementor-widget-container\">\n\t\t\t\t\t\t\t<div class=\"elementor-spacer\">\n\t\t\t<div class=\"elementor-spacer-inner\"><\/div>\n\t\t<\/div>\n\t\t\t\t\t\t<\/div>\n\t\t\t\t<\/div>\n\t\t\t\t\t<\/div>\n\t\t<\/div>\n\t\t\t\t\t<\/div>\n\t\t<\/section>\n\t\t\t\t<section class=\"elementor-section elementor-top-section elementor-element elementor-element-b2e7b42 elementor-section-boxed elementor-section-height-default elementor-section-height-default\" data-id=\"b2e7b42\" data-element_type=\"section\" data-e-type=\"section\">\n\t\t\t\t\t\t<div class=\"elementor-container elementor-column-gap-default\">\n\t\t\t\t\t<div class=\"elementor-column elementor-col-33 elementor-top-column elementor-element elementor-element-22a0dd4\" data-id=\"22a0dd4\" data-element_type=\"column\" data-e-type=\"column\">\n\t\t\t<div class=\"elementor-widget-wrap elementor-element-populated\">\n\t\t\t\t\t\t<div class=\"elementor-element elementor-element-ac0fa84 elementor-widget elementor-widget-image\" data-id=\"ac0fa84\" data-element_type=\"widget\" data-e-type=\"widget\" data-widget_type=\"image.default\">\n\t\t\t\t<div class=\"elementor-widget-container\">\n\t\t\t\t\t\t\t\t\t\t\t\t\t\t\t<img fetchpriority=\"high\" decoding=\"async\" width=\"1024\" height=\"541\" src=\"https:\/\/coffeepaper.co\/wp-content\/uploads\/2024\/10\/cora-pursley-dupe-1024x541.jpeg\" class=\"attachment-large size-large wp-image-4483\" alt=\"\" srcset=\"https:\/\/coffeepaper.co\/wp-content\/uploads\/2024\/10\/cora-pursley-dupe-1024x541.jpeg 1024w, https:\/\/coffeepaper.co\/wp-content\/uploads\/2024\/10\/cora-pursley-dupe-300x159.jpeg 300w, https:\/\/coffeepaper.co\/wp-content\/uploads\/2024\/10\/cora-pursley-dupe-768x406.jpeg 768w, https:\/\/coffeepaper.co\/wp-content\/uploads\/2024\/10\/cora-pursley-dupe-1536x812.jpeg 1536w, https:\/\/coffeepaper.co\/wp-content\/uploads\/2024\/10\/cora-pursley-dupe-2048x1082.jpeg 2048w, https:\/\/coffeepaper.co\/wp-content\/uploads\/2024\/10\/cora-pursley-dupe-600x317.jpeg 600w\" sizes=\"(max-width: 1024px) 100vw, 1024px\" \/>\t\t\t\t\t\t\t\t\t\t\t\t\t\t\t<\/div>\n\t\t\t\t<\/div>\n\t\t\t\t\t<\/div>\n\t\t<\/div>\n\t\t\t\t<div class=\"elementor-column elementor-col-66 elementor-top-column elementor-element elementor-element-ac63b68\" data-id=\"ac63b68\" data-element_type=\"column\" data-e-type=\"column\">\n\t\t\t<div class=\"elementor-widget-wrap elementor-element-populated\">\n\t\t\t\t\t\t<div class=\"elementor-element elementor-element-a2985f9 elementor-widget elementor-widget-heading\" data-id=\"a2985f9\" data-element_type=\"widget\" data-e-type=\"widget\" data-widget_type=\"heading.default\">\n\t\t\t\t<div class=\"elementor-widget-container\">\n\t\t\t\t\t<h2 class=\"elementor-heading-title elementor-size-default\">Uso de datos personales<\/h2>\t\t\t\t<\/div>\n\t\t\t\t<\/div>\n\t\t\t\t<div class=\"elementor-element elementor-element-697fc87 elementor-widget elementor-widget-text-editor\" data-id=\"697fc87\" data-element_type=\"widget\" data-e-type=\"widget\" data-widget_type=\"text-editor.default\">\n\t\t\t\t<div class=\"elementor-widget-container\">\n\t\t\t\t\t\t\t\t\t<p>Es necesario para el correcto procesamiento de su orden recabar ciertos datos personales, as\u00ed como m\u00e9todos de pago. Es importante que conozca y est\u00e9 de acuerdo con nuestras <a href=\"https:\/\/coffeepaper.co\/inicio\/privacy-policy\/\">Pol\u00edticas de Privacidad<\/a> y las presentes pol\u00edticas de compra.<\/p><p>Si tiene alguna pregunta o comentario, no dude en contactarnos al correo electr\u00f3nico hola@coffeepaper.co previamente a su compra, con mucho gusto le apoyaremos a resolver sus dudas.<\/p>\t\t\t\t\t\t\t\t<\/div>\n\t\t\t\t<\/div>\n\t\t\t\t\t<\/div>\n\t\t<\/div>\n\t\t\t\t\t<\/div>\n\t\t<\/section>\n\t\t\t\t<section class=\"elementor-section elementor-top-section elementor-element elementor-element-d67dca4 elementor-section-boxed elementor-section-height-default elementor-section-height-default\" data-id=\"d67dca4\" data-element_type=\"section\" data-e-type=\"section\">\n\t\t\t\t\t\t<div class=\"elementor-container elementor-column-gap-default\">\n\t\t\t\t\t<div class=\"elementor-column elementor-col-100 elementor-top-column elementor-element elementor-element-097c5f8\" data-id=\"097c5f8\" data-element_type=\"column\" data-e-type=\"column\">\n\t\t\t<div class=\"elementor-widget-wrap elementor-element-populated\">\n\t\t\t\t\t\t<div class=\"elementor-element elementor-element-9d2635f elementor-widget elementor-widget-heading\" data-id=\"9d2635f\" data-element_type=\"widget\" data-e-type=\"widget\" data-widget_type=\"heading.default\">\n\t\t\t\t<div class=\"elementor-widget-container\">\n\t\t\t\t\t<h2 class=\"elementor-heading-title elementor-size-default\">Compra de productos digitales<\/h2>\t\t\t\t<\/div>\n\t\t\t\t<\/div>\n\t\t\t\t<div class=\"elementor-element elementor-element-231c838 elementor-widget elementor-widget-text-editor\" data-id=\"231c838\" data-element_type=\"widget\" data-e-type=\"widget\" data-widget_type=\"text-editor.default\">\n\t\t\t\t<div class=\"elementor-widget-container\">\n\t\t\t\t\t\t\t\t\t<p>Debido a la naturaleza de estos productos, es importante resolver cualquier duda antes de realizar su compra, puesto que <span style=\"text-decoration: underline;\"><strong>no se pueden realizar cambios ni devoluciones, al ser un producto descargable<\/strong>.<\/span><\/p><p>Todas las \u00f3rdenes digitales, al momento de completar el pago, llevan a la p\u00e1gina de descarga inmediata, igualmente recibir\u00e1 un correo con los detalles del pedido y el link de descarga. Ambos links tienen una vigencia de 3 d\u00edas desde el momento en que se completa la orden, y se limitan a 2 descargas (por si ocurre alg\u00fan problema).<\/p><p>Si no encuentra dicho correo en su bandeja de entrada, puede localizarlo en spam o en correos no deseados. Si tampoco se encuentra ah\u00ed, puede enviarnos un correo a hola@coffeepaper.co con su n\u00famero de orden, as\u00ed podremos dar una respuesta m\u00e1s eficiente.<\/p><p>De igual manera puede consultar la secci\u00f3n de<a href=\"https:\/\/coffeepaper.co\/inicio\/preguntas-frecuentes\/\"> Preguntas frecuentes<\/a> o contactarnos al correo electr\u00f3nico hola@coffeepaper.co para cualquier duda. \u00a1Happy Planning!<\/p>\t\t\t\t\t\t\t\t<\/div>\n\t\t\t\t<\/div>\n\t\t\t\t\t<\/div>\n\t\t<\/div>\n\t\t\t\t\t<\/div>\n\t\t<\/section>\n\t\t\t\t<\/div>\n\t\t","protected":false},"excerpt":{"rendered":"<p>Pol\u00edticas de compra en coffeepaper.co Uso de datos personales Es necesario para el correcto procesamiento de su orden recabar ciertos datos personales, as\u00ed como m\u00e9todos de pago. Es importante que conozca y est\u00e9 de acuerdo con nuestras Pol\u00edticas de Privacidad y las presentes pol\u00edticas de compra. Si tiene alguna pregunta o comentario, no dude en &hellip;<\/p>\n<p class=\"read-more\"> <a class=\"\" href=\"https:\/\/coffeepaper.co\/inicio\/refund_returns\/\"> <span class=\"screen-reader-text\">Pol\u00edticas de compra en el sitio web<\/span> Leer m\u00e1s &raquo;<\/a><\/p>\n","protected":false},"author":2,"featured_media":0,"parent":0,"menu_order":0,"comment_status":"closed","ping_status":"closed","template":"","meta":{"om_disable_all_campaigns":false,"_monsterinsights_skip_tracking":false,"_monsterinsights_sitenote_active":false,"_monsterinsights_sitenote_note":"","_monsterinsights_sitenote_category":0,"site-sidebar-layout":"default","site-content-layout":"default","ast-global-header-display":"","ast-main-header-display":"","ast-hfb-above-header-display":"","ast-hfb-below-header-display":"","ast-hfb-mobile-header-display":"","site-post-title":"disabled","ast-breadcrumbs-content":"","ast-featured-img":"","footer-sml-layout":"","theme-transparent-header-meta":"","adv-header-id-meta":"","stick-header-meta":"","header-above-stick-meta":"","header-main-stick-meta":"","header-below-stick-meta":"","footnotes":""},"class_list":["post-9","page","type-page","status-publish","hentry"],"aioseo_notices":[],"_links":{"self":[{"href":"https:\/\/coffeepaper.co\/inicio\/wp-json\/wp\/v2\/pages\/9","targetHints":{"allow":["GET"]}}],"collection":[{"href":"https:\/\/coffeepaper.co\/inicio\/wp-json\/wp\/v2\/pages"}],"about":[{"href":"https:\/\/coffeepaper.co\/inicio\/wp-json\/wp\/v2\/types\/page"}],"author":[{"embeddable":true,"href":"https:\/\/coffeepaper.co\/inicio\/wp-json\/wp\/v2\/users\/2"}],"replies":[{"embeddable":true,"href":"https:\/\/coffeepaper.co\/inicio\/wp-json\/wp\/v2\/comments?post=9"}],"version-history":[{"count":26,"href":"https:\/\/coffeepaper.co\/inicio\/wp-json\/wp\/v2\/pages\/9\/revisions"}],"predecessor-version":[{"id":4495,"href":"https:\/\/coffeepaper.co\/inicio\/wp-json\/wp\/v2\/pages\/9\/revisions\/4495"}],"wp:attachment":[{"href":"https:\/\/coffeepaper.co\/inicio\/wp-json\/wp\/v2\/media?parent=9"}],"curies":[{"name":"wp","href":"https:\/\/api.w.org\/{rel}","templated":true}]}}