{"id":2574,"date":"2023-09-01T21:15:44","date_gmt":"2023-09-01T21:15:44","guid":{"rendered":"https:\/\/coffeepaper.co\/inicio\/?post_type=product&#038;p=2574"},"modified":"2023-09-01T21:16:36","modified_gmt":"2023-09-01T21:16:36","slug":"journal-hola-universo","status":"publish","type":"product","link":"https:\/\/coffeepaper.co\/inicio\/product\/journal-hola-universo\/","title":{"rendered":"Journal Hola Universo"},"content":{"rendered":"<p>Un reto de 24 semanas para cultivar el h\u00e1bito del journaling, aprender a estar presente y agradecer tu d\u00eda, establecer una intenci\u00f3n para cada semana, reflexionar y reconocer tus sentimientos, y establecer opciones para mejorar tu vida.<\/p>\n<p>Puedes iniciar cuando quieras, las fechas son personalizables, y puedes reiniciar el journal para continuar este las veces que quieras.<\/p>\n<p>Qu\u00e9 alegr\u00eda poder compartir esta herramienta contigo, estoy segura de que te servir\u00e1 much\u00edsimo para darte un apapacho diario, as\u00ed lo es para m\u00ed.<\/p>\n<p>Este Journal est\u00e1 en formato PDF, y es compatible con cualquier app que te permita abrir y editar este tipo de archivos, yo te recomiendo Goodnotes o kilonotes. Puedes encontrar varios tutoriales para importar y usar estos productos digitales en mi tiktok @coffeepaper.co<\/p>\n","protected":false},"excerpt":{"rendered":"<p>El journal perfecto para los que deseamos estar presentes, intencionar nuestro d\u00eda, aprender a sentir nuestras emociones y manifestar la vida que deseamos crear, un d\u00eda a la vez.<\/p>\n","protected":false},"featured_media":2576,"comment_status":"open","ping_status":"closed","template":"","meta":{"om_disable_all_campaigns":false,"_monsterinsights_skip_tracking":false,"_monsterinsights_sitenote_active":false,"_monsterinsights_sitenote_note":"","_monsterinsights_sitenote_category":0,"site-sidebar-layout":"default","site-content-layout":"default","ast-global-header-display":"","ast-main-header-display":"","ast-hfb-above-header-display":"","ast-hfb-below-header-display":"","ast-hfb-mobile-header-display":"","site-post-title":"","ast-breadcrumbs-content":"","ast-featured-img":"","footer-sml-layout":"","theme-transparent-header-meta":"default","adv-header-id-meta":"","stick-header-meta":"","header-above-stick-meta":"","header-main-stick-meta":"","header-below-stick-meta":""},"product_brand":[],"product_cat":[23],"product_tag":[],"class_list":{"0":"post-2574","1":"product","2":"type-product","3":"status-publish","4":"has-post-thumbnail","6":"product_cat-journals","7":"desktop-align-left","8":"tablet-align-left","9":"mobile-align-left","11":"first","12":"instock","13":"downloadable","14":"taxable","15":"shipping-taxable","16":"purchasable","17":"product-type-simple"},"aioseo_notices":[],"_links":{"self":[{"href":"https:\/\/coffeepaper.co\/inicio\/wp-json\/wp\/v2\/product\/2574","targetHints":{"allow":["GET"]}}],"collection":[{"href":"https:\/\/coffeepaper.co\/inicio\/wp-json\/wp\/v2\/product"}],"about":[{"href":"https:\/\/coffeepaper.co\/inicio\/wp-json\/wp\/v2\/types\/product"}],"replies":[{"embeddable":true,"href":"https:\/\/coffeepaper.co\/inicio\/wp-json\/wp\/v2\/comments?post=2574"}],"wp:featuredmedia":[{"embeddable":true,"href":"https:\/\/coffeepaper.co\/inicio\/wp-json\/wp\/v2\/media\/2576"}],"wp:attachment":[{"href":"https:\/\/coffeepaper.co\/inicio\/wp-json\/wp\/v2\/media?parent=2574"}],"wp:term":[{"taxonomy":"product_brand","embeddable":true,"href":"https:\/\/coffeepaper.co\/inicio\/wp-json\/wp\/v2\/product_brand?post=2574"},{"taxonomy":"product_cat","embeddable":true,"href":"https:\/\/coffeepaper.co\/inicio\/wp-json\/wp\/v2\/product_cat?post=2574"},{"taxonomy":"product_tag","embeddable":true,"href":"https:\/\/coffeepaper.co\/inicio\/wp-json\/wp\/v2\/product_tag?post=2574"}],"curies":[{"name":"wp","href":"https:\/\/api.w.org\/{rel}","templated":true}]}}