{"id":2611,"date":"2023-09-07T21:29:15","date_gmt":"2023-09-07T21:29:15","guid":{"rendered":"https:\/\/coffeepaper.co\/inicio\/?post_type=product&#038;p=2611"},"modified":"2023-09-07T21:29:15","modified_gmt":"2023-09-07T21:29:15","slug":"paquete-portadas-greek-vibes","status":"publish","type":"product","link":"https:\/\/coffeepaper.co\/inicio\/product\/paquete-portadas-greek-vibes\/","title":{"rendered":"Paquete de portadas para libretas &#8211; Greek vibes"},"content":{"rendered":"<p>Amo la est\u00e9tica de las esculturas griegas, y estas portadas reflejan eso mero, 4 estilos porque amamos las opciones!!<\/p>\n<p>El paquete incluye las 4 portadas, cada una en formato PDF para que las puedas a\u00f1adir como plantillas y usar cuantas veces quieras! No olvides llevarte tambi\u00e9n el paquete de hojas a cuadros y rayas (que queda con cualquier libreta y ayudar\u00e1 a mejorar tu escritura)<\/p>\n","protected":false},"excerpt":{"rendered":"<p>Amo la est\u00e9tica de las esculturas griegas, y estas portadas reflejan eso mero, 4 estilos porque amamos las opciones!! El paquete incluye las 4 portadas, cada una en formato PDF para que las puedas a\u00f1adir como plantillas y usar cuantas veces quieras! No olvides llevarte tambi\u00e9n el paquete de hojas a cuadros y rayas (que &hellip;<\/p>\n<p class=\"read-more\"> <a class=\"\" href=\"https:\/\/coffeepaper.co\/inicio\/product\/paquete-portadas-greek-vibes\/\"> <span class=\"screen-reader-text\">Paquete de portadas para libretas &#8211; Greek vibes<\/span> Leer m\u00e1s &raquo;<\/a><\/p>\n","protected":false},"featured_media":2612,"comment_status":"open","ping_status":"closed","template":"","meta":{"om_disable_all_campaigns":false,"_monsterinsights_skip_tracking":false,"_monsterinsights_sitenote_active":false,"_monsterinsights_sitenote_note":"","_monsterinsights_sitenote_category":0,"site-sidebar-layout":"default","site-content-layout":"default","ast-global-header-display":"","ast-main-header-display":"","ast-hfb-above-header-display":"","ast-hfb-below-header-display":"","ast-hfb-mobile-header-display":"","site-post-title":"","ast-breadcrumbs-content":"","ast-featured-img":"","footer-sml-layout":"","theme-transparent-header-meta":"default","adv-header-id-meta":"","stick-header-meta":"","header-above-stick-meta":"","header-main-stick-meta":"","header-below-stick-meta":""},"product_brand":[],"product_cat":[58],"product_tag":[],"class_list":{"0":"post-2611","1":"product","2":"type-product","3":"status-publish","4":"has-post-thumbnail","6":"product_cat-libretas","7":"desktop-align-left","8":"tablet-align-left","9":"mobile-align-left","11":"first","12":"instock","13":"downloadable","14":"taxable","15":"shipping-taxable","16":"purchasable","17":"product-type-simple"},"aioseo_notices":[],"_links":{"self":[{"href":"https:\/\/coffeepaper.co\/inicio\/wp-json\/wp\/v2\/product\/2611","targetHints":{"allow":["GET"]}}],"collection":[{"href":"https:\/\/coffeepaper.co\/inicio\/wp-json\/wp\/v2\/product"}],"about":[{"href":"https:\/\/coffeepaper.co\/inicio\/wp-json\/wp\/v2\/types\/product"}],"replies":[{"embeddable":true,"href":"https:\/\/coffeepaper.co\/inicio\/wp-json\/wp\/v2\/comments?post=2611"}],"wp:featuredmedia":[{"embeddable":true,"href":"https:\/\/coffeepaper.co\/inicio\/wp-json\/wp\/v2\/media\/2612"}],"wp:attachment":[{"href":"https:\/\/coffeepaper.co\/inicio\/wp-json\/wp\/v2\/media?parent=2611"}],"wp:term":[{"taxonomy":"product_brand","embeddable":true,"href":"https:\/\/coffeepaper.co\/inicio\/wp-json\/wp\/v2\/product_brand?post=2611"},{"taxonomy":"product_cat","embeddable":true,"href":"https:\/\/coffeepaper.co\/inicio\/wp-json\/wp\/v2\/product_cat?post=2611"},{"taxonomy":"product_tag","embeddable":true,"href":"https:\/\/coffeepaper.co\/inicio\/wp-json\/wp\/v2\/product_tag?post=2611"}],"curies":[{"name":"wp","href":"https:\/\/api.w.org\/{rel}","templated":true}]}}