{"id":3495,"date":"2024-03-01T23:13:49","date_gmt":"2024-03-01T23:13:49","guid":{"rendered":"https:\/\/coffeepaper.co\/inicio\/?post_type=product&#038;p=3495"},"modified":"2024-03-01T23:13:49","modified_gmt":"2024-03-01T23:13:49","slug":"readers-oracle-planner-de-lectura","status":"publish","type":"product","link":"https:\/\/coffeepaper.co\/inicio\/product\/readers-oracle-planner-de-lectura\/","title":{"rendered":"Reader\u00b4s Oracle &#8211; Planner de lectura"},"content":{"rendered":"<p>\u00bfQu\u00e9 nos gusta a los lectores a parte de comprar y leer libros? HABLAR SOBRE ELLOS.<\/p>\n<p>Dise\u00f1\u00e9 este planner para ser -como su nombre indica- el or\u00e1culo de tu lectura. Aqu\u00ed podr\u00e1s encontrar todo lo que necesitas para planear tus lecturas del a\u00f1o, establecer metas por a\u00f1o y por mes, registrar cu\u00e1nto lees, crear una librer\u00eda digital y LO MEJOR que te lleve directo a la p\u00e1gina con la rese\u00f1a de cada libro!!<\/p>\n<p>Incluye espacio para 120 libros (un promedio de 10 libros al mes para un a\u00f1o), y si necesitas m\u00e1s espacios D\u00c9JAME UN DM POR INSTAGRAM PARA PRESUMIRME CU\u00c1NTO LEES PORQUE OMG.<\/p>\n<p>Este planner es compatible con las apps de visualizaci\u00f3n y edici\u00f3n de PDFs en ipad \/ tableta y PC, como Goodnotes, Noteshelf, Samsung Notes, kilonotes, Notability y m\u00e1s&#8230;<\/p>\n<p>Recuerda que, al ser un producto digital no podemos realizar devoluciones, pero si tienes alguna duda o problema al importar o usar tu planner, no dudes en escribirme por DM o al correo hola@coffeepaper.co que estar\u00e9 encantada de apoyarte!!<\/p>\n","protected":false},"excerpt":{"rendered":"<p>\u00a1\u00a1El \u00daNICO planner que todo lector destacado (como t\u00fa) necesita!!<\/p>\n","protected":false},"featured_media":3498,"comment_status":"open","ping_status":"closed","template":"","meta":{"om_disable_all_campaigns":false,"_monsterinsights_skip_tracking":false,"_monsterinsights_sitenote_active":false,"_monsterinsights_sitenote_note":"","_monsterinsights_sitenote_category":0,"site-sidebar-layout":"default","site-content-layout":"default","ast-global-header-display":"","ast-main-header-display":"","ast-hfb-above-header-display":"","ast-hfb-below-header-display":"","ast-hfb-mobile-header-display":"","site-post-title":"","ast-breadcrumbs-content":"","ast-featured-img":"","footer-sml-layout":"","theme-transparent-header-meta":"default","adv-header-id-meta":"","stick-header-meta":"","header-above-stick-meta":"","header-main-stick-meta":"","header-below-stick-meta":""},"product_brand":[],"product_cat":[20],"product_tag":[],"class_list":{"0":"post-3495","1":"product","2":"type-product","3":"status-publish","4":"has-post-thumbnail","6":"product_cat-planner-digital","7":"desktop-align-left","8":"tablet-align-left","9":"mobile-align-left","11":"first","12":"instock","13":"downloadable","14":"taxable","15":"shipping-taxable","16":"purchasable","17":"product-type-simple"},"aioseo_notices":[],"_links":{"self":[{"href":"https:\/\/coffeepaper.co\/inicio\/wp-json\/wp\/v2\/product\/3495","targetHints":{"allow":["GET"]}}],"collection":[{"href":"https:\/\/coffeepaper.co\/inicio\/wp-json\/wp\/v2\/product"}],"about":[{"href":"https:\/\/coffeepaper.co\/inicio\/wp-json\/wp\/v2\/types\/product"}],"replies":[{"embeddable":true,"href":"https:\/\/coffeepaper.co\/inicio\/wp-json\/wp\/v2\/comments?post=3495"}],"wp:featuredmedia":[{"embeddable":true,"href":"https:\/\/coffeepaper.co\/inicio\/wp-json\/wp\/v2\/media\/3498"}],"wp:attachment":[{"href":"https:\/\/coffeepaper.co\/inicio\/wp-json\/wp\/v2\/media?parent=3495"}],"wp:term":[{"taxonomy":"product_brand","embeddable":true,"href":"https:\/\/coffeepaper.co\/inicio\/wp-json\/wp\/v2\/product_brand?post=3495"},{"taxonomy":"product_cat","embeddable":true,"href":"https:\/\/coffeepaper.co\/inicio\/wp-json\/wp\/v2\/product_cat?post=3495"},{"taxonomy":"product_tag","embeddable":true,"href":"https:\/\/coffeepaper.co\/inicio\/wp-json\/wp\/v2\/product_tag?post=3495"}],"curies":[{"name":"wp","href":"https:\/\/api.w.org\/{rel}","templated":true}]}}