{"id":3742,"date":"2024-04-03T20:16:33","date_gmt":"2024-04-03T20:16:33","guid":{"rendered":"https:\/\/coffeepaper.co\/inicio\/?post_type=product&#038;p=3742"},"modified":"2024-11-05T21:49:41","modified_gmt":"2024-11-05T21:49:41","slug":"focus-for-fcks-sake-planner-2025","status":"publish","type":"product","link":"https:\/\/coffeepaper.co\/inicio\/product\/focus-for-fcks-sake-planner-2025\/","title":{"rendered":"FOCUS, FOR F*CKS SAKE &#8211; Planner 2025"},"content":{"rendered":"<p>FOCUS, FOR F*CKS SAKE es un planner digital minimalista, dise\u00f1ado para que f\u00e1cilmente puedas organizar tu d\u00eda, no pierdas tiempo a\u00f1adiendo fechas y copiando plantillas, pues ya encuentras todos los d\u00edas desde noviembre 2024 a diciembre 2025 aqu\u00ed.<\/p>\n<p>El planner viene en 3 opciones de color: Verde, violeta y azul. Los tres son preciosos, as\u00ed que cualquiera que elijas te va a encantar.<\/p>\n<p>CALENDARIOS:<\/p>\n<ul>\n<li>Calendario anual con links a cada d\u00eda desde noviembre 2024 a diciembre 2025 (a la plantilla diaria dentro del planner).<\/li>\n<li>Calendario mensual con links a cada d\u00eda (a la plantilla diaria)<\/li>\n<li>Botones para f\u00e1cil acceso a los meses desde cualquier parte del planner.<\/li>\n<\/ul>\n<p>PLANTILLA DIARIA:<\/p>\n<ul>\n<li>Fecha incluida para cada d\u00eda del 2024<\/li>\n<li>Agenda diaria de 5am a 11pm<\/li>\n<li>MOOD: Rellena el emoji de c\u00f3mo te sientes hoy<\/li>\n<li>Pendientes con opci\u00f3n para check-list.<\/li>\n<li>Secci\u00f3n de notas<\/li>\n<\/ul>\n<p>SECCI\u00d3N DE ANOTACIONES (2024 y 2025)<\/p>\n<ul>\n<li>Plantilla a rayas<\/li>\n<li>Plantilla a cuadros<\/li>\n<\/ul>\n<p><strong>IMPORTANTE:<\/strong> Al ser productos digitales, una vez completes el pedido y el pago, te llegar\u00e1n los enlaces de descarga para que puedas empezar a usar tu planner, esto es autom\u00e1tico, por lo que <strong>no podemos hacer cambios o devoluciones.<\/strong><\/p>\n<p>Si tienes alguna duda, por favor d\u00e9jame un mensaje por Instagram @coffeepaper.co o al correo hola@coffeepaper.co para poder apoyarte!!<\/p>\n","protected":false},"excerpt":{"rendered":"<p>El planner que no sab\u00edas que necesitabas para organizar tu vida.<\/p>\n","protected":false},"featured_media":4610,"comment_status":"open","ping_status":"closed","template":"","meta":{"om_disable_all_campaigns":false,"_monsterinsights_skip_tracking":false,"_monsterinsights_sitenote_active":false,"_monsterinsights_sitenote_note":"","_monsterinsights_sitenote_category":0,"site-sidebar-layout":"default","site-content-layout":"default","ast-global-header-display":"","ast-main-header-display":"","ast-hfb-above-header-display":"","ast-hfb-below-header-display":"","ast-hfb-mobile-header-display":"","site-post-title":"","ast-breadcrumbs-content":"","ast-featured-img":"","footer-sml-layout":"","theme-transparent-header-meta":"default","adv-header-id-meta":"","stick-header-meta":"","header-above-stick-meta":"","header-main-stick-meta":"","header-below-stick-meta":""},"product_brand":[],"product_cat":[20],"product_tag":[],"class_list":{"0":"post-3742","1":"product","2":"type-product","3":"status-publish","4":"has-post-thumbnail","6":"product_cat-planner-digital","7":"desktop-align-left","8":"tablet-align-left","9":"mobile-align-left","11":"first","12":"instock","13":"taxable","14":"shipping-taxable","15":"purchasable","16":"product-type-variable"},"aioseo_notices":[],"_links":{"self":[{"href":"https:\/\/coffeepaper.co\/inicio\/wp-json\/wp\/v2\/product\/3742","targetHints":{"allow":["GET"]}}],"collection":[{"href":"https:\/\/coffeepaper.co\/inicio\/wp-json\/wp\/v2\/product"}],"about":[{"href":"https:\/\/coffeepaper.co\/inicio\/wp-json\/wp\/v2\/types\/product"}],"replies":[{"embeddable":true,"href":"https:\/\/coffeepaper.co\/inicio\/wp-json\/wp\/v2\/comments?post=3742"}],"wp:featuredmedia":[{"embeddable":true,"href":"https:\/\/coffeepaper.co\/inicio\/wp-json\/wp\/v2\/media\/4610"}],"wp:attachment":[{"href":"https:\/\/coffeepaper.co\/inicio\/wp-json\/wp\/v2\/media?parent=3742"}],"wp:term":[{"taxonomy":"product_brand","embeddable":true,"href":"https:\/\/coffeepaper.co\/inicio\/wp-json\/wp\/v2\/product_brand?post=3742"},{"taxonomy":"product_cat","embeddable":true,"href":"https:\/\/coffeepaper.co\/inicio\/wp-json\/wp\/v2\/product_cat?post=3742"},{"taxonomy":"product_tag","embeddable":true,"href":"https:\/\/coffeepaper.co\/inicio\/wp-json\/wp\/v2\/product_tag?post=3742"}],"curies":[{"name":"wp","href":"https:\/\/api.w.org\/{rel}","templated":true}]}}