{"id":5251,"date":"2026-04-01T02:16:55","date_gmt":"2026-04-01T02:16:55","guid":{"rendered":"https:\/\/coffeepaper.co\/inicio\/?post_type=product&#038;p=5251"},"modified":"2026-04-01T03:06:53","modified_gmt":"2026-04-01T03:06:53","slug":"get-sht-done-planner-digital-2026","status":"publish","type":"product","link":"https:\/\/coffeepaper.co\/inicio\/product\/get-sht-done-planner-digital-2026\/","title":{"rendered":"GET SH*T DONE &#8211; PLANNER DIGITAL 2026"},"content":{"rendered":"<p>Estoy muy feliz de regresar EL planner digital 2026, con pr\u00e1cticamente todo lo que necesitas en el d\u00eda a d\u00eda para crear tu mejor versi\u00f3n.<\/p>\n<ul>\n<li>Mu\u00e9vete entre las p\u00e1ginas del planner con los botones.<\/li>\n<li>A\u00f1ade nuevos eventos, recordatorios y tareas DIRECTAMENTE A TU GOOGLE CALENDAR, para recibir alarmas y notificaciones en tus dispositivos, combinando lo mejor de la planeaci\u00f3n y las herramientas que ofrece el calendario de Google! (encuentra los tutoriales para sacar el mayor provecho a esta herramienta en mi tiktok, @_coffeepaper.co)<\/li>\n<\/ul>\n<p>Hojas y plantillas personalizables:<\/p>\n<ul>\n<li>Calendario anual 2026 (con link directo a tu Google calendar)<\/li>\n<li>Calendario mensual (con links directos a cada d\u00eda de tu planner)<\/li>\n<li>Plantilla de seguimiento de h\u00e1bitos mensual<\/li>\n<li>Plantilla de finanzas mensual<\/li>\n<li>Plantilla de salud mensual, con organizaci\u00f3n de actividades\/ejercicio y plan de comidas semanales.<\/li>\n<li>Plantilla de lectura anual + Hojas de rese\u00f1a de lecturas (llena tu gr\u00e1fico de lectura, escribe rese\u00f1as de tus libros le\u00eddos y accede r\u00e1pidamente a tu lista de libros por leer)<\/li>\n<li>Planner diario con fechas inclu\u00eddas (link directo a cada planner diario desde el calendario mensual)<\/li>\n<\/ul>\n","protected":false},"excerpt":{"rendered":"<p>let&#8217;s get sh*t DONE.<\/p>\n","protected":false},"featured_media":5298,"comment_status":"open","ping_status":"closed","template":"","meta":{"om_disable_all_campaigns":false,"_monsterinsights_skip_tracking":false,"_monsterinsights_sitenote_active":false,"_monsterinsights_sitenote_note":"","_monsterinsights_sitenote_category":0,"site-sidebar-layout":"default","site-content-layout":"default","ast-global-header-display":"","ast-main-header-display":"","ast-hfb-above-header-display":"","ast-hfb-below-header-display":"","ast-hfb-mobile-header-display":"","site-post-title":"","ast-breadcrumbs-content":"","ast-featured-img":"","footer-sml-layout":"","theme-transparent-header-meta":"default","adv-header-id-meta":"","stick-header-meta":"","header-above-stick-meta":"","header-main-stick-meta":"","header-below-stick-meta":""},"product_brand":[],"product_cat":[20],"product_tag":[],"class_list":{"0":"post-5251","1":"product","2":"type-product","3":"status-publish","4":"has-post-thumbnail","6":"product_cat-planner-digital","7":"desktop-align-left","8":"tablet-align-left","9":"mobile-align-left","11":"first","12":"instock","13":"sale","14":"downloadable","15":"taxable","16":"shipping-taxable","17":"purchasable","18":"product-type-simple"},"aioseo_notices":[],"_links":{"self":[{"href":"https:\/\/coffeepaper.co\/inicio\/wp-json\/wp\/v2\/product\/5251","targetHints":{"allow":["GET"]}}],"collection":[{"href":"https:\/\/coffeepaper.co\/inicio\/wp-json\/wp\/v2\/product"}],"about":[{"href":"https:\/\/coffeepaper.co\/inicio\/wp-json\/wp\/v2\/types\/product"}],"replies":[{"embeddable":true,"href":"https:\/\/coffeepaper.co\/inicio\/wp-json\/wp\/v2\/comments?post=5251"}],"wp:featuredmedia":[{"embeddable":true,"href":"https:\/\/coffeepaper.co\/inicio\/wp-json\/wp\/v2\/media\/5298"}],"wp:attachment":[{"href":"https:\/\/coffeepaper.co\/inicio\/wp-json\/wp\/v2\/media?parent=5251"}],"wp:term":[{"taxonomy":"product_brand","embeddable":true,"href":"https:\/\/coffeepaper.co\/inicio\/wp-json\/wp\/v2\/product_brand?post=5251"},{"taxonomy":"product_cat","embeddable":true,"href":"https:\/\/coffeepaper.co\/inicio\/wp-json\/wp\/v2\/product_cat?post=5251"},{"taxonomy":"product_tag","embeddable":true,"href":"https:\/\/coffeepaper.co\/inicio\/wp-json\/wp\/v2\/product_tag?post=5251"}],"curies":[{"name":"wp","href":"https:\/\/api.w.org\/{rel}","templated":true}]}}