{"id":673,"date":"2023-02-09T00:39:44","date_gmt":"2023-02-09T00:39:44","guid":{"rendered":"https:\/\/coffeepaper.co\/inicio\/?post_type=product&#038;p=673"},"modified":"2023-04-06T22:04:24","modified_gmt":"2023-04-06T22:04:24","slug":"paquete-de-hojas-a-rayas-y-cuadros","status":"publish","type":"product","link":"https:\/\/coffeepaper.co\/inicio\/product\/paquete-de-hojas-a-rayas-y-cuadros\/","title":{"rendered":"Paquete de hojas a rayas y cuadros"},"content":{"rendered":"<p>Amamos tomar apuntes con estas hojas, nuestra favorita es la hoja papel a cuadros, tienen el tama\u00f1o perfecto para cualquier dise\u00f1o!<\/p>\n<p>Vienen en las medidas para GoodNotes tama\u00f1o vertical, el paquete incluye 4 plantillas para que uses en cualquier bloc de notas!!<\/p>\n","protected":false},"excerpt":{"rendered":"<p>Amamos tomar apuntes con estas hojas, nuestra favorita es la hoja papel a cuadros, tienen el tama\u00f1o perfecto para cualquier dise\u00f1o! Vienen en las medidas para GoodNotes tama\u00f1o vertical, el paquete incluye 4 plantillas para que uses en cualquier bloc de notas!!<\/p>\n","protected":false},"featured_media":674,"comment_status":"open","ping_status":"closed","template":"","meta":{"om_disable_all_campaigns":false,"_monsterinsights_skip_tracking":false,"_monsterinsights_sitenote_active":false,"_monsterinsights_sitenote_note":"","_monsterinsights_sitenote_category":0,"site-sidebar-layout":"default","site-content-layout":"default","ast-global-header-display":"","ast-main-header-display":"","ast-hfb-above-header-display":"","ast-hfb-below-header-display":"","ast-hfb-mobile-header-display":"","site-post-title":"","ast-breadcrumbs-content":"","ast-featured-img":"","footer-sml-layout":"","theme-transparent-header-meta":"default","adv-header-id-meta":"","stick-header-meta":"","header-above-stick-meta":"","header-main-stick-meta":"","header-below-stick-meta":""},"product_brand":[],"product_cat":[58],"product_tag":[59],"class_list":{"0":"post-673","1":"product","2":"type-product","3":"status-publish","4":"has-post-thumbnail","6":"product_cat-libretas","7":"product_tag-plantillas-hojas-goodnotes","8":"desktop-align-left","9":"tablet-align-left","10":"mobile-align-left","12":"first","13":"instock","14":"sale","15":"downloadable","16":"taxable","17":"shipping-taxable","18":"purchasable","19":"product-type-simple"},"aioseo_notices":[],"_links":{"self":[{"href":"https:\/\/coffeepaper.co\/inicio\/wp-json\/wp\/v2\/product\/673","targetHints":{"allow":["GET"]}}],"collection":[{"href":"https:\/\/coffeepaper.co\/inicio\/wp-json\/wp\/v2\/product"}],"about":[{"href":"https:\/\/coffeepaper.co\/inicio\/wp-json\/wp\/v2\/types\/product"}],"replies":[{"embeddable":true,"href":"https:\/\/coffeepaper.co\/inicio\/wp-json\/wp\/v2\/comments?post=673"}],"wp:featuredmedia":[{"embeddable":true,"href":"https:\/\/coffeepaper.co\/inicio\/wp-json\/wp\/v2\/media\/674"}],"wp:attachment":[{"href":"https:\/\/coffeepaper.co\/inicio\/wp-json\/wp\/v2\/media?parent=673"}],"wp:term":[{"taxonomy":"product_brand","embeddable":true,"href":"https:\/\/coffeepaper.co\/inicio\/wp-json\/wp\/v2\/product_brand?post=673"},{"taxonomy":"product_cat","embeddable":true,"href":"https:\/\/coffeepaper.co\/inicio\/wp-json\/wp\/v2\/product_cat?post=673"},{"taxonomy":"product_tag","embeddable":true,"href":"https:\/\/coffeepaper.co\/inicio\/wp-json\/wp\/v2\/product_tag?post=673"}],"curies":[{"name":"wp","href":"https:\/\/api.w.org\/{rel}","templated":true}]}}